{"id":4464,"date":"2020-03-05T12:47:28","date_gmt":"2020-03-05T11:47:28","guid":{"rendered":"https:\/\/safe4beauty.com\/datenschutz\/"},"modified":"2022-04-27T17:21:18","modified_gmt":"2022-04-27T15:21:18","slug":"calcolatore-di-contributi","status":"publish","type":"page","link":"https:\/\/safe4beauty.com\/it\/protezione-dei-dati\/","title":{"rendered":"Protezione dei dati"},"content":{"rendered":"<section class=\"wpb-content-wrapper\"><p>[vc_row css=&#8221;.vc_custom_1584262789840{margin-bottom: 80px !important;}&#8221;][vc_column][vc_custom_heading text=&#8221;Informativa sulla protezione dei dati&#8221; font_container=&#8221;tag:h1|text_align:left&#8221;][vc_column_text]Direttiva sulla protezione dei dati<br \/>\nUltima revisione 08\/2018 (vm)<br \/>\n4beauty digital GmbH<br \/>\n2nd floor Palazzo Marignoli<br \/>\nPiazza di San Silvestro 8<br \/>\n00187 Rome<\/p>\n<p>Telefono: +39 645253782<br \/>\nE-mail: contatto@safe4beauty.it<\/p>\n<p>Per tutte le domande sulla protezione dei dati ricever\u00e0 le informazioni dalla nostra direzione, reperibile ai dati di contatto sopra specificati.<br \/>\nHa il diritto di reclamo presso l\u2019autorit\u00e0 di sorveglianza nel cui Bundesland (Regione Federale) ha sede l\u2019azienda. Per la nostra azienda tale autorit\u00e0 \u00e8 rappresentata da:<br \/>\nL\u2019incaricato regionale della protezione dei dati e della libert\u00e0 di informazione della Renania Palatinato (Landesbeauftragte f\u00fcr den Datenschutz und die Informationsfreiheit Rheinland-Pfalz)<br \/>\nHintere Bleiche 34, 55116 Magonza<br \/>\nTel. 06131 208-2449<br \/>\nFax 06131 208-2497<br \/>\nhttp:\/\/www.datenschutz.rlp.de[\/vc_column_text][\/vc_column][\/vc_row][vc_row gap=&#8221;20&#8243; css=&#8221;.vc_custom_1584028633453{margin-bottom: 120px !important;}&#8221;][vc_column width=&#8221;1\/2&#8243;][vc_column_text]<strong>1. Campo d\u2019applicazione<\/strong><\/p>\n<p>La presente direttiva regola il trattamento delle informazioni in conformit\u00e0 alla normativa sulla privacy e le relative responsabilit\u00e0 presso l\u2019azienda summenzionata (e sue filiali) sulla base del Regolamento generale europeo sulla protezione dei dati (GDPR) e della legge tedesca sulla protezione dei dati (Bundesdatenschutzgesetz, BDSGneu). Tutti i dipendenti sono tenuti a rispettare questa direttiva.<\/p>\n<p>Essa si rivolge in particolare a:<br \/>\ncollaboratori, clienti e interessati, assicuratori e fornitori di servizi[\/vc_column_text][\/vc_column][vc_column width=&#8221;1\/2&#8243;][vc_column_text]<strong>Fanno fede i seguenti principi base:<\/strong><\/p>\n<ul>\n<li>concessione di diritti personali<\/li>\n<li>finalit\u00e0 dei dati personali<\/li>\n<li>trasparenza<\/li>\n<li>privacy by design<\/li>\n<li>correttezza concreta\/attualit\u00e0 dei dati<\/li>\n<li>riservatezza nel trattamento dei dati<\/li>\n<li>sicurezza nel trattamento dei dati<\/li>\n<li>cancellazione e limitazione del trattamento dei dati su richiesta<\/li>\n<\/ul>\n<p>[\/vc_column_text][\/vc_column][\/vc_row][vc_row gap=&#8221;20&#8243; css=&#8221;.vc_custom_1584028633453{margin-bottom: 120px !important;}&#8221;][vc_column width=&#8221;1\/2&#8243;][vc_column_text]<strong>2. Definizione dei termini (art. 4 GDPR)<\/strong><\/p>\n<p>I dati personali sono informazioni riguardanti i rapporti personali o materiali di una persona fisica (interessato). Esempi: cognome, nome, data di nascita, dati di indirizzo, dati di contratto, contenuti dell\u2019e-mail.<br \/>\nI dati personali speciali sono indicazioni su razza, origine etnica, opinioni politiche, convinzioni religiose o filosofiche, appartenenza sindacale, dati di salute o vita sessuale, nonch\u00e9 situazioni economiche.<br \/>\nL\u2019ufficio responsabile \u00e8 qualsiasi soggetto o ufficio che rileva, elabora o utilizza dati personali per s\u00e9 o lo fa su incarico di terzi.[\/vc_column_text][\/vc_column][vc_column width=&#8221;1\/2&#8243;][vc_column_text]<strong>3. Raccolta, trattamento e archiviazione dei dati personali<\/strong><\/p>\n<p>Art. 5 + 6 GDPR \u2013 La raccolta, il trattamento e l\u2019archiviazione dei dati personali nella nostra azienda avvengono sulla base di un incarico di intermediario da noi utilizzato e dei documenti correlati (come ad esempio procura di intermediario, consenso al trattamento dei dati, che vengono firmati separatamente).<br \/>\nSenza un concreto incarico e una dichiarazione di consenso valida in materia di protezione dei dati da parte del nostro cliente non possiamo agire (nel caso di bambini e ragazzi il consenso viene espresso da un tutore legale).<br \/>\nDocumentiamo la nostra attivit\u00e0 in maniera esaustiva attraverso il nostro programma di gestione degli intermediari e ci atteniamo a concrete istruzioni procedurali per l\u2019esecuzione dei nostri incarichi. Nella nostra azienda non effettuiamo una profilatura. I dati vengono elaborati esclusivamente per le finalit\u00e0 concordate. I dati dei nostri clienti vengono cancellati dopo la disdetta del contratto di intermediario secondo le disposizioni di legge, in particolare le disposizioni sui termini di conservazione previsti per legge. I termini possono essere prorogati per difendere eventuali diritti legali. Al posto della cancellazione subentra la limitazione del trattamento.[\/vc_column_text][\/vc_column][\/vc_row][vc_row gap=&#8221;20&#8243; css=&#8221;.vc_custom_1584028633453{margin-bottom: 120px !important;}&#8221;][vc_column width=&#8221;1\/2&#8243;][vc_column_text]<strong>4. Registro delle attivit\u00e0 di trattamento (art. 30 GDPR)<\/strong><\/p>\n<p>Con i registri interni delle attivit\u00e0 di trattamento (registro delle attivit\u00e0 di trattamento) creiamo trasparenza all\u2019interno dell\u2019azienda e verifichiamo se le nostre procedure comportano rischi particolari per i diritti e le libert\u00e0 degli interessati e quindi sono soggette a un controllo preventivo \/ a una stima delle conseguenze della protezione dei dati. Sussiste l\u2019obbligo di presentare questi registri delle attivit\u00e0 per concederne la visione alle autorit\u00e0.[\/vc_column_text][\/vc_column][vc_column width=&#8221;1\/2&#8243;][vc_column_text]<strong>5. Acquisto di hardware e software<\/strong><\/p>\n<p>Tutto l\u2019hardware necessario per i nostri lavori (computer, schermi, tastiere, mouse e periferiche come scanner o stampanti) viene gestito secondo direttive interne. I computer vengono gi\u00e0 configurati per i dipendenti e dotati dei programmi corrispondenti che utilizziamo di default. Altri software possono essere installati previo accordo con la direzione.[\/vc_column_text][\/vc_column][\/vc_row][vc_row gap=&#8221;20&#8243; css=&#8221;.vc_custom_1584028633453{margin-bottom: 120px !important;}&#8221;][vc_column width=&#8221;1\/2&#8243;][vc_column_text]<strong>6. Direttiva sulle password<\/strong><\/p>\n<p>Per gestire in sicurezza gli accessi ai nostri sistemi \u00e8 necessaria una autenticazione personale. Per questo sono stati adottati regolamenti interni, ai quali tutti i soggetti coinvolti devono attenersi.[\/vc_column_text][\/vc_column][vc_column width=&#8221;1\/2&#8243;][vc_column_text]<strong>7. Misure tecniche e organizzative<\/strong><\/p>\n<p>Adottiamo tutte le misure possibili secondo lo stato della tecnica attuale e adatte a livello organizzativo per garantire che soggetti non autorizzati non accedano ai dati personali da noi salvati. A tal fine eseguiamo registrazioni separate per documentare i requisiti di sicurezza del trattamento dei dati. Al momento non \u00e8 in programma una trasmissione in paesi terzi.[\/vc_column_text][\/vc_column][\/vc_row][vc_row gap=&#8221;20&#8243; css=&#8221;.vc_custom_1584028633453{margin-bottom: 120px !important;}&#8221;][vc_column width=&#8221;1\/2&#8243;][vc_column_text]<strong>8. Diritti dell\u2019interessato (artt. 12 &#8211; 23 GDPR)<\/strong><\/p>\n<ul>\n<li>L\u2019interessato pu\u00f2 richiedere informazioni sui dati personali che lo riguardano, sulla loro provenienza e sulle finalit\u00e0 per cui vengono archiviati. Se nel rapporto di lavoro secondo il diritto del lavoro applicabile sono presenti altri diritti di consultazione dei documenti del datore di lavoro (ad es. fascicolo personale), questi rimangono invariati.<\/li>\n<li>Se i dati personali vengono trasmessi a terzi, occorre fornire anche le informazioni sull\u2019identit\u00e0 del destinatario o sulle categorie di destinatari.<\/li>\n<li>Se i dati personali dovessero essere non corretti o incompleti, l\u2019interessato pu\u00f2 richiederne la correzione o integrazione.<\/li>\n<li>L\u2019interessato pu\u00f2 opporsi al trattamento dei suoi dati personali per finalit\u00e0 di pubblicit\u00e0 o ricerche di mercato e sondaggi. Per questa finalit\u00e0 occorre limitare (bloccare) i dati per il trattamento.<\/li>\n<li>L\u2019interessato \u00e8 autorizzato a richiedere la cancellazione dei suoi dati se manca o viene meno la base giuridica per il trattamento. Lo stesso vale per il caso in cui la finalit\u00e0 del trattamento viene meno per scadenza dei termini o per altri motivi. Devono essere tenuti in considerazione gli interessi legittimi che contrastano gli obblighi di conservazione esistenti e una cancellazione.<\/li>\n<li>L\u2019interessato ha un diritto di opposizione sostanziale contro il trattamento dei suoi dati con effetto per il futuro, che deve essere tenuto in considerazione se il suo legittimo interesse per una particolare situazione personale prevale sull\u2019interesse del trattamento. Questo non vale se una disposizione di legge impone l\u2019esecuzione del trattamento.<\/li>\n<li>L\u2019interessato ha un diritto alla portabilit\u00e0 dei dati. Questo significa il diritto di ricevere i dati personali in un formato strutturato, accessibile e leggibile con dispositivi informatici. Ci\u00f2 non deve pregiudicare libert\u00e0 e diritti di terze persone.<\/li>\n<li>L\u2019interessato ha il diritto di reclamo presso l\u2019autorit\u00e0 di sorveglianza nel cui Bundesland ha sede l\u2019azienda. I dati di contatto sono riportati all\u2019inizio della descrizione della nostra organizzazione sulla protezione dei dati.<\/li>\n<\/ul>\n<p>[\/vc_column_text][\/vc_column][vc_column width=&#8221;1\/2&#8243;][vc_column_text]<strong>9. Procedura in caso di \u201cviolazioni dei dati\u201d (art. 33 GDPR)<\/strong><\/p>\n<p>Ogni collaboratore deve comunicare prontamente al suo diretto superiore, alla direzione o al responsabile della protezione dei dati eventuali casi di violazioni della presente informativa sulla protezione dei dati o altre violazioni della protezione dei dati personali (casi relativi alla protezione dei dati). Il dirigente responsabile \u00e8 tenuto a informare immediatamente il responsabile della protezione dei dati in merito agli incidenti che interessano la protezione dei dati.<\/p>\n<p>In caso di trasmissione non autorizzata di dati personali a terzi, accesso non autorizzato da parte di terzi ai dati personali o perdita di dati personali, devono essere effettuate immediatamente le comunicazioni previste in azienda affinch\u00e9 vengano rispettati gli obblighi di segnalazione previsti secondo le leggi statali per i casi di incidenti che interessano la protezione dei dati.[\/vc_column_text][\/vc_column][\/vc_row][vc_row][vc_column][vc_text_separator title=&#8221;B. Dichiarazione sulla protezione dei dati in caso di visita del nostro sito&#8221;][\/vc_column][\/vc_row][vc_row gap=&#8221;20&#8243; css=&#8221;.vc_custom_1584028633453{margin-bottom: 120px !important;}&#8221;][vc_column width=&#8221;1\/2&#8243;][vc_column_text]<strong>1. Moduli<\/strong><\/p>\n<p>Sul nostro sito web \u00e8 possibile utilizzare il modulo di contatto per il contatto elettronico. I suoi dati personali, quali ad esempio cognome, data di nascita, indirizzo, coordinate bancarie o altri dati &#8211; ad es. utilizzati per creare un\u2019offerta o messaggio di un sinistro in un modulo &#8211; vengono da noi salvati e utilizzati esclusivamente per simili finalit\u00e0. [\/vc_column_text][\/vc_column][vc_column width=&#8221;1\/2&#8243;][vc_column_text]<strong>2. Integrazione e utilizzo di contenuti di terzi<\/strong><\/p>\n<p>Il nostro sito web consente l\u2019inserimento di contenuti di terzi, in particolare programmi di offerte, computer comparativi e offerte di prodotti, ad es. di assicuratori. Questi contenuti possono essere nel design del nostro sito web.<br \/>\nPer questi contenuti si applicano le informative sulla protezione dei dati di terzi che sono collegati nel relativo punto o sono visibili nel sito internet della terza parte.[\/vc_column_text][\/vc_column][\/vc_row][vc_row gap=&#8221;20&#8243; css=&#8221;.vc_custom_1584028633453{margin-bottom: 120px !important;}&#8221;][vc_column width=&#8221;1\/2&#8243;][vc_column_text]<strong>3. File di log del server<\/strong><\/p>\n<p>Il provider dei siti registra e memorizza automaticamente le informazioni in cosiddetti file di log del server, che il suo browser ci trasmette automaticamente. Questi sono:<\/p>\n<ul>\n<li>tipo e versione del browser<\/li>\n<li>sistema operativo in uso<\/li>\n<li>referrer URL<\/li>\n<li>nome dell\u2019host del computer a cui si accede<\/li>\n<li>orario della richiesta del server<\/li>\n<li>indirizzo IP<\/li>\n<\/ul>\n<p>\u00c8 esclusa un\u2019associazione di questi dati con altre fonti di dati. La base per il trattamento dei dati \u00e8 l&#8217;art. 6 paragrafo 1 lett. f RGPD, che consente il trattamento dei dati per soddisfare un contratto o per misure precontrattuali.[\/vc_column_text][\/vc_column][vc_column width=&#8221;1\/2&#8243;][vc_column_text]<strong>4. Google Analytics<\/strong><\/p>\n<p>Questo sito web utilizza funzioni del servizio di analisi web Google Analytics. Il fornitore \u00e8 Google Inc., 1600 Amphitheatre Parkway , Mountain View, CA 94043, USA.<br \/>\nGoogle Analytics utilizza i cosiddetti \u00abcookie\u00bb. Sono file di testo, che vengono memorizzati sul suo computer e che consentono un\u2019analisi dell\u2019uso del sito web. Le informazioni generate con i cookie sull\u2019uso di questo sito web (incluso il vostro indirizzo IP) vengono trasmesse a un server di Google negli USA e ivi memorizzate.<br \/>\nLa memorizzazione dei cookie di Google Analytics avviene sulla base dell\u2019art. 6 par. 1 lett. f GDPR. Il gestore del sito web ha un interesse legittimo all\u2019analisi del comportamento d\u2019uso sia per ottimizzare la sua offerta pubblicitaria per la sua pubblicit\u00e0.[\/vc_column_text][\/vc_column][\/vc_row][vc_row gap=&#8221;20&#8243; css=&#8221;.vc_custom_1584028633453{margin-bottom: 120px !important;}&#8221;][vc_column width=&#8221;1\/2&#8243;][vc_column_text]<strong>Anonimizzazione IP<\/strong><\/p>\n<p>Su questo sito web abbiamo attivato la funzione di anonimizzazione IP. In questo modo, prima del trasferimento negli USA, il suo indirizzo IP viene abbreviato da Google all&#8217;interno degli Stati membri dell&#8217;Unione Europea o in altri Stati dell&#8217;Accordo sullo Spazio Economico Europeo. Solo in casi eccezionali viene trasmesso l&#8217;indirizzo IP completo a un server di Google negli USA e qui abbreviato. Su incarico del gestore di questo sito web, Google utilizza queste informazioni per valutare il suo utilizzo del sito web al fine di preparare relazioni sulle attivit\u00e0 del sito web per il gestore dello stesso e al fine di fornire altri servizi associati all\u2019utilizzo del sito web e all\u2019utilizzo di internet. L\u2019indirizzo IP trasmesso dal suo browser nell\u2019ambito di Google Analytics non sar\u00e0 accorpato ad altri dati di Google.[\/vc_column_text][\/vc_column][vc_column width=&#8221;1\/2&#8243;][vc_column_text]<strong>Plugin del browser<\/strong><\/p>\n<p>\u00c8 possibile impedire la memorizzazione dei cookie con un\u2019apposita impostazione del suo software browser; tuttavia le ricordiamo che in questo caso non tutte le funzioni di questo sito web possono essere utilizzate completamente. \u00c8 inoltre possibile impedire a Google la registrazione dei dati relativi al vostro utilizzo del sito web e generati dal cookie (incluso il vostro indirizzo IP) e l&#8217;elaborazione di questi dati da parte di Google, scaricando e installando il plugin del browser disponibile dal seguente link: https:\/\/tools.google.com\/dlpage\/gaoptout?hl=it[\/vc_column_text][\/vc_column][\/vc_row][vc_row gap=&#8221;20&#8243; css=&#8221;.vc_custom_1584028633453{margin-bottom: 120px !important;}&#8221;][vc_column width=&#8221;1\/2&#8243;][vc_column_text]<strong>Opposizione all\u2019acquisizione dei dati<\/strong><\/p>\n<p>Pu\u00f2 impedire la registrazione dei suoi dati da parte di Google Analytics, facendo clic sul seguente link. Viene impostato un cookie di opt-out che impedisce il futuro rilevamento dei suoi dati quando visita questo sito web: Disattivazione di Google Analytics. Informazioni dettagliate sull\u2019uso dei dati utente in Google Analytics sono disponibili nell\u2019informativa sulla privacy di Google :<\/p>\n<p>https:\/\/support.google.com\/analytics\/answer\/6004245?hl=it[\/vc_column_text][\/vc_column][vc_column width=&#8221;1\/2&#8243;][vc_column_text]<strong>Trattamento dei dati<\/strong><\/p>\n<p>Abbiamo stipulato con Google un contratto per il trattamento dei dati per conto del titolare del trattamento e adottiamo le misure severe delle autorit\u00e0 tedesche competenti in materia di protezione dei dati per l\u2019uso di Google Analytics.[\/vc_column_text][\/vc_column][\/vc_row][vc_row gap=&#8221;20&#8243; css=&#8221;.vc_custom_1584028633453{margin-bottom: 120px !important;}&#8221;][vc_column width=&#8221;1\/2&#8243;][vc_column_text]<strong>5. Google Web Fonts<\/strong><\/p>\n<p>Per la rappresentazione unitaria dei font questo sito utilizza cosiddetti web font, che vengono forniti da Google. Richiamando un sito, il browser dell\u2019utente carica i web font necessari nella cache del browser per visualizzare correttamente testi e font. A tal fine il browser che usate deve connettersi ai server di Google. Google viene cos\u00ec informato che il nostro sito web \u00e8 stato visitato dal suo indirizzo IP. L\u2019uso di Google Web Fonts avviene nell\u2019interesse di un\u2019adeguata illustrazione delle nostre offerte online. Questo rappresenta un interesse legittimo ai sensi dell\u2019art. 6 paragrafo 1 lett. f GDPR. Se il suo browser non supporta i web font, il suo computer utilizzer\u00e0 un altro font standard.<br \/>\nPer ulteriori informazioni su Google Web Fonts consulti: https:\/\/developers.google.com\/fonts\/faq<br \/>\ne l\u2019informativa sulla privacy di Google: https:\/\/www.google.com\/policies\/privacy\/[\/vc_column_text][\/vc_column][vc_column width=&#8221;1\/2&#8243;][vc_column_text]<strong>6. Google Maps<\/strong><\/p>\n<p>Questo sito utilizza tramite una API il servizio cartografico Google Maps. Il fornitore \u00e8 Google Inc., 1600 Amphitheatre Parkway , Mountain View, CA 94043, USA.<br \/>\nPer l\u2019utilizzo delle funzioni di Google Maps \u00e8 necessario salvare il suo indirizzo IP. Queste informazioni vengono trasmesse in genere a un server di Google negli USA e ivi memorizzate. Il gestore di questo sito non ha alcun influsso su questa trasmissione dei dati. L\u2019uso di Google Maps avviene nell\u2019interesse di una visualizzazione adeguata delle nostre offerte internet e per una semplice reperibilit\u00e0 dei luoghi indicati sul sito web. Questo rappresenta un interesse legittimo ai sensi dell\u2019art. 6 paragrafo 1 lett. f GDPR.<br \/>\nLe informazioni dettagliate sull\u2019uso dei dati utente sono disponibili nell\u2019informativa sulla privacy di Google: https:\/\/www.google.it\/intl\/policies\/privacy\/[\/vc_column_text][\/vc_column][\/vc_row][vc_row][vc_column][vc_text_separator title=&#8221;C. Dichiarazione di consenso per il trattamento dei dati e il contatto&#8221;][\/vc_column][\/vc_row][vc_row gap=&#8221;20&#8243; css=&#8221;.vc_custom_1584028633453{margin-bottom: 120px !important;}&#8221;][vc_column width=&#8221;1\/2&#8243;][vc_column_text]<\/p>\n<p class=\"p1\">Per poterci attivare per lei, dobbiamo registrare i suoi dati, salvarli e trasmetterli a terzi. \u00c8 quanto facciamo, ad esempio, se registriamo una situazione di rischio e inoltriamo questi dati a diversi assicuratori per ricevere l\u2019offerta giusta per le sue esigenze. A tal fine utilizziamo anche i cosiddetti servizi intermediari. Spesso \u00e8 altrettanto necessario richiedere a terzi dati che la riguardino. In prima linea questi sono gli assicuratori, ma possono rendersi necessari ad esempio anche dati di medici, consulenti fiscali o avvocati e centrali rischi.<\/p>\n<p>[\/vc_column_text][\/vc_column][vc_column width=&#8221;1\/2&#8243;][vc_column_text]<\/p>\n<p class=\"p1\">I dati sanitari vengono registrati esclusivamente qualora ci\u00f2 sia necessario per l\u2019intermediazione di assicurazioni vita, malattia o infortuni (assicurazioni personali) o nella gestione dei casi assicurati e dei sinistri. Ha la facolt\u00e0 di trasmettere singolarmente questi consensi e di revocarli in qualsiasi momento con effetto per il futuro. Le ricordiamo che in tal caso non possiamo pi\u00f9 fare nulla per lei.<\/p>\n<p>[\/vc_column_text][\/vc_column][\/vc_row][vc_row][vc_column][vc_text_separator title=&#8221;Ulteriori informazioni sono disponibili sulla nostra informativa sulla protezione dei dati, con l\u2019elenco dei partner commerciali&#8221;][\/vc_column][\/vc_row][vc_row gap=&#8221;20&#8243; css=&#8221;.vc_custom_1584028633453{margin-bottom: 120px !important;}&#8221;][vc_column width=&#8221;1\/2&#8243;][vc_column_text]<strong>Consenso all\u2019acquisizione e alla richiesta di dati<\/strong><\/p>\n<p>Esprime il consenso consentendoci di raccogliere i dati e richiederli a terzi. Se richiediamo dati di salute ai medici, la informeremo.<\/p>\n<p><strong>Consenso all\u2019archiviazione dei dati<\/strong><\/p>\n<p>Acconsente all\u2019archiviazione e al trattamento dei dati raccolti e richiesti nella misura necessaria o a farli salvare e trattare da terzi autorizzati.[\/vc_column_text][\/vc_column][vc_column width=&#8221;1\/2&#8243;][vc_column_text]<strong>Consenso all\u2019inoltro dei dati<\/strong><\/p>\n<p>Esprime il consenso, consentendoci di inoltrare dati a terzi nella misura necessaria della nostra attivit\u00e0 di intermediazione. Nello specifico, i terzi sono ad esempio assicuratori, fornitori di servizi di intermediazione, officine, periti o altri fornitori di servizi. Un riepilogo dei possibili destinatari \u00e8 riportato nella panoramica dei partner commerciali. Su richiesta ricever\u00e0 ovviamente anche informazioni sui soggetti ai quali abbiamo effettivamente trasmesso i suoi dati personali.<\/p>\n<p><strong>Consenso al contatto<\/strong><\/p>\n<p>Le informazioni del cliente sono parte integrante del nostro lavoro Ha la possibilit\u00e0 di mettersi in contatto elettronico tramite i moduli e attendere un feedback sulla sua richiesta per la quale utilizziamo i dati di contatto trasmessi. Pertanto abbiamo bisogno del suo consenso per poter svolgere la nostra attivit\u00e0.[\/vc_column_text][\/vc_column][\/vc_row][vc_row][vc_column][vc_text_separator title=&#8221;D. Modifica all\u2019interno della direttiva sulla protezione dei dati&#8221;][\/vc_column][\/vc_row][vc_row css=&#8221;.vc_custom_1590139567645{padding-bottom: 80px !important;}&#8221;][vc_column][vc_column_text]Ci riserviamo il diritto di adattare la direttiva sulla protezione dei dati qualora necessario affinch\u00e9 risponda ai requisiti tecnici e di legge attuali. Questi valgono anche per una sua nuova visita. Segnaliamo eventuali modifiche secondo lo stato dell\u2019ultima revisione.[\/vc_column_text][\/vc_column][\/vc_row]<\/p>\n<\/section>","protected":false},"excerpt":{"rendered":"<p>[vc_row css=&#8221;.vc_custom_1584262789840{margin-bottom: 80px !important;}&#8221;][vc_column][vc_custom_heading text=&#8221;Informativa sulla protezione dei dati&#8221; font_container=&#8221;tag:h1|text_align:left&#8221;][vc_column_text]Direttiva sulla protezione dei dati Ultima revisione 08\/2018 (vm) 4beauty digital GmbH 2nd floor Palazzo Marignoli Piazza di San Silvestro 8 00187 Rome Telefono: +39 645253782 E-mail: contatto@safe4beauty.it Per tutte le domande sulla protezione dei dati ricever\u00e0 le informazioni dalla nostra direzione, reperibile ai dati di [&hellip;]<\/p>\n","protected":false},"author":9,"featured_media":0,"parent":0,"menu_order":0,"comment_status":"closed","ping_status":"closed","template":"","meta":{"inline_featured_image":false,"footnotes":""},"class_list":["post-4464","page","type-page","status-publish","hentry"],"acf":[],"yoast_head":"<!-- This site is optimized with the Yoast SEO Premium plugin v15.1.2 - https:\/\/yoast.com\/wordpress\/plugins\/seo\/ -->\n<meta name=\"description\" content=\"Dichiarazione sulla protezione dei dati \u27a4 Informazioni secondo DSGVO \u2705 Informazioni sulla raccolta \u2705 Archiviazione \u2705 Trattamento \u2705 dei dati\" \/>\n<meta name=\"robots\" content=\"noindex, follow\" \/>\n<meta property=\"og:locale\" content=\"it_IT\" \/>\n<meta property=\"og:type\" content=\"article\" \/>\n<meta property=\"og:title\" content=\"Informativa sulla privacy | safe4beauty\" \/>\n<meta property=\"og:description\" content=\"Dichiarazione sulla protezione dei dati \u27a4 Informazioni secondo DSGVO \u2705 Informazioni sulla raccolta \u2705 Archiviazione \u2705 Trattamento \u2705 dei dati\" \/>\n<meta property=\"og:url\" content=\"https:\/\/safe4beauty.com\/it\/protezione-dei-dati\/\" \/>\n<meta property=\"og:site_name\" content=\"Folgekostenversicherung mit Top-Service \u300bSafe4Beauty\" \/>\n<meta property=\"article:modified_time\" content=\"2022-04-27T15:21:18+00:00\" \/>\n<meta name=\"twitter:card\" content=\"summary\" \/>\n<!-- \/ Yoast SEO Premium plugin. -->","_links":{"self":[{"href":"https:\/\/safe4beauty.com\/it\/wp-json\/wp\/v2\/pages\/4464","targetHints":{"allow":["GET"]}}],"collection":[{"href":"https:\/\/safe4beauty.com\/it\/wp-json\/wp\/v2\/pages"}],"about":[{"href":"https:\/\/safe4beauty.com\/it\/wp-json\/wp\/v2\/types\/page"}],"author":[{"embeddable":true,"href":"https:\/\/safe4beauty.com\/it\/wp-json\/wp\/v2\/users\/9"}],"replies":[{"embeddable":true,"href":"https:\/\/safe4beauty.com\/it\/wp-json\/wp\/v2\/comments?post=4464"}],"version-history":[{"count":5,"href":"https:\/\/safe4beauty.com\/it\/wp-json\/wp\/v2\/pages\/4464\/revisions"}],"predecessor-version":[{"id":5652,"href":"https:\/\/safe4beauty.com\/it\/wp-json\/wp\/v2\/pages\/4464\/revisions\/5652"}],"wp:attachment":[{"href":"https:\/\/safe4beauty.com\/it\/wp-json\/wp\/v2\/media?parent=4464"}],"curies":[{"name":"wp","href":"https:\/\/api.w.org\/{rel}","templated":true}]}}